{"id":9999992304,"date":"2022-08-09T12:31:47","date_gmt":"2022-08-09T12:31:47","guid":{"rendered":"https:\/\/www.prepers.pl\/?page_id=9999992304"},"modified":"2023-05-24T20:12:38","modified_gmt":"2023-05-24T20:12:38","slug":"zapisy","status":"publish","type":"page","link":"https:\/\/www.prepers.pl\/index.php\/zapisy\/","title":{"rendered":"Zapisy s\u0105 stacjonarne"},"content":{"rendered":"\t\t<div data-elementor-type=\"wp-page\" data-elementor-id=\"9999992304\" class=\"elementor elementor-9999992304\">\n\t\t\t\t\t\t<section class=\"elementor-section elementor-top-section elementor-element elementor-element-c3a58de elementor-section-boxed elementor-section-height-default elementor-section-height-default\" data-id=\"c3a58de\" data-element_type=\"section\">\n\t\t\t\t\t\t\t<div class=\"elementor-background-overlay\"><\/div>\n\t\t\t\t\t\t\t<div class=\"elementor-container elementor-column-gap-default\">\n\t\t\t\t\t<div class=\"elementor-column elementor-col-100 elementor-top-column elementor-element elementor-element-3d6d109\" data-id=\"3d6d109\" data-element_type=\"column\">\n\t\t\t<div class=\"elementor-widget-wrap\">\n\t\t\t\t\t\t\t<\/div>\n\t\t<\/div>\n\t\t\t\t\t<\/div>\n\t\t<\/section>\n\t\t\t\t<section class=\"elementor-section elementor-top-section elementor-element elementor-element-69507b1 elementor-section-boxed elementor-section-height-default elementor-section-height-default\" data-id=\"69507b1\" data-element_type=\"section\">\n\t\t\t\t\t\t<div class=\"elementor-container elementor-column-gap-default\">\n\t\t\t\t\t<div class=\"elementor-column elementor-col-50 elementor-top-column elementor-element elementor-element-7b4b50a\" data-id=\"7b4b50a\" data-element_type=\"column\">\n\t\t\t<div class=\"elementor-widget-wrap elementor-element-populated\">\n\t\t\t\t\t\t<div class=\"elementor-element elementor-element-1afce1f elementor-widget elementor-widget-heading\" data-id=\"1afce1f\" data-element_type=\"widget\" data-widget_type=\"heading.default\">\n\t\t\t\t<div class=\"elementor-widget-container\">\n\t\t\t<h2 class=\"elementor-heading-title elementor-size-default\">Zapisy odbywaj\u0105 si\u0119 stacjonarnie.<\/h2>\t\t<\/div>\n\t\t\t\t<\/div>\n\t\t\t\t<div class=\"elementor-element elementor-element-584c782 elementor-widget-divider--view-line elementor-widget elementor-widget-divider\" data-id=\"584c782\" data-element_type=\"widget\" data-widget_type=\"divider.default\">\n\t\t\t\t<div class=\"elementor-widget-container\">\n\t\t\t\t\t<div class=\"elementor-divider\">\n\t\t\t<span class=\"elementor-divider-separator\">\n\t\t\t\t\t\t<\/span>\n\t\t<\/div>\n\t\t\t\t<\/div>\n\t\t\t\t<\/div>\n\t\t\t\t<div class=\"elementor-element elementor-element-6e9e610 elementor-widget elementor-widget-text-editor\" data-id=\"6e9e610\" data-element_type=\"widget\" data-widget_type=\"text-editor.default\">\n\t\t\t\t<div class=\"elementor-widget-container\">\n\t\t\t\t\t\t\t<ul><li>Do projektu mo\u017cna do\u0142\u0105czy\u0107 tylko osobi\u015bcie w Rzeszowie.<\/li><li>Na spotkaniu otrzymasz login i has\u0142o do portalu i jego tre\u015bci.<\/li><li>Adres spotkania zostanie ustalony gdy zbierze si\u0119 grupa.<\/li><li>Grupa to max 10-20 os\u00f3b.\u00a0<\/li><li>Zostaw kontakt do siebie &#8211; Alias, email. Gdy zbierze si\u0119 grupa &#8211; skontaktujemy si\u0119.<\/li><li>Je\u015bli chcesz zadaj pytania w temacie zg\u0142oszenia.<\/li><\/ul>\t\t\t\t\t\t<\/div>\n\t\t\t\t<\/div>\n\t\t\t\t<div class=\"elementor-element elementor-element-4c939c5 elementor-widget elementor-widget-google_maps\" data-id=\"4c939c5\" data-element_type=\"widget\" data-widget_type=\"google_maps.default\">\n\t\t\t\t<div class=\"elementor-widget-container\">\n\t\t\t\t\t<div class=\"elementor-custom-embed\">\n\t\t\t<iframe loading=\"lazy\"\n\t\t\t\t\tsrc=\"https:\/\/maps.google.com\/maps?q=Rzesz%C3%B3w%2C%20Poland&#038;t=m&#038;z=10&#038;output=embed&#038;iwloc=near\"\n\t\t\t\t\ttitle=\"Rzesz\u00f3w, Poland\"\n\t\t\t\t\taria-label=\"Rzesz\u00f3w, Poland\"\n\t\t\t><\/iframe>\n\t\t<\/div>\n\t\t\t\t<\/div>\n\t\t\t\t<\/div>\n\t\t\t\t\t<\/div>\n\t\t<\/div>\n\t\t\t\t<div class=\"elementor-column elementor-col-50 elementor-top-column elementor-element elementor-element-052d362\" data-id=\"052d362\" data-element_type=\"column\">\n\t\t\t<div class=\"elementor-widget-wrap elementor-element-populated\">\n\t\t\t\t\t\t<div class=\"elementor-element elementor-element-fd2b189 elementor-widget elementor-widget-heading\" data-id=\"fd2b189\" data-element_type=\"widget\" data-widget_type=\"heading.default\">\n\t\t\t\t<div class=\"elementor-widget-container\">\n\t\t\t<h2 class=\"elementor-heading-title elementor-size-default\">Formularz zg\u0142oszeniowy<\/h2>\t\t<\/div>\n\t\t\t\t<\/div>\n\t\t\t\t<div class=\"elementor-element elementor-element-3220566 elementor-widget-divider--view-line elementor-widget elementor-widget-divider\" data-id=\"3220566\" data-element_type=\"widget\" data-widget_type=\"divider.default\">\n\t\t\t\t<div class=\"elementor-widget-container\">\n\t\t\t\t\t<div class=\"elementor-divider\">\n\t\t\t<span class=\"elementor-divider-separator\">\n\t\t\t\t\t\t<\/span>\n\t\t<\/div>\n\t\t\t\t<\/div>\n\t\t\t\t<\/div>\n\t\t\t\t<div class=\"elementor-element elementor-element-cca8ab1 elementor-widget elementor-widget-text-editor\" data-id=\"cca8ab1\" data-element_type=\"widget\" data-widget_type=\"text-editor.default\">\n\t\t\t\t<div class=\"elementor-widget-container\">\n\t\t\t\t\t\t\t\n<div class=\"wpcf7 no-js\" id=\"wpcf7-f9999992318-o1\" lang=\"pl-PL\" dir=\"ltr\">\n<div class=\"screen-reader-response\"><p role=\"status\" aria-live=\"polite\" aria-atomic=\"true\"><\/p> <ul><\/ul><\/div>\n<form action=\"\/index.php\/wp-json\/wp\/v2\/pages\/9999992304#wpcf7-f9999992318-o1\" method=\"post\" class=\"wpcf7-form init\" aria-label=\"Formularz kontaktowy\" novalidate=\"novalidate\" data-status=\"init\">\n<div style=\"display: none;\">\n<input type=\"hidden\" name=\"_wpcf7\" value=\"9999992318\" \/>\n<input type=\"hidden\" name=\"_wpcf7_version\" value=\"5.9.8\" \/>\n<input type=\"hidden\" name=\"_wpcf7_locale\" value=\"pl_PL\" \/>\n<input type=\"hidden\" name=\"_wpcf7_unit_tag\" value=\"wpcf7-f9999992318-o1\" \/>\n<input type=\"hidden\" name=\"_wpcf7_container_post\" value=\"0\" \/>\n<input type=\"hidden\" name=\"_wpcf7_posted_data_hash\" value=\"\" \/>\n<\/div>\n<p><label> Tw\u00f3j alias<br \/>\n<span class=\"wpcf7-form-control-wrap\" data-name=\"your-name\"><input size=\"40\" maxlength=\"400\" class=\"wpcf7-form-control wpcf7-text wpcf7-validates-as-required\" aria-required=\"true\" aria-invalid=\"false\" value=\"\" type=\"text\" name=\"your-name\" \/><\/span> <\/label>\n<\/p>\n<p><label> Tw\u00f3j adres e-mail<br \/>\n<span class=\"wpcf7-form-control-wrap\" data-name=\"your-email\"><input size=\"40\" maxlength=\"400\" class=\"wpcf7-form-control wpcf7-email wpcf7-validates-as-required wpcf7-text wpcf7-validates-as-email\" aria-required=\"true\" aria-invalid=\"false\" value=\"\" type=\"email\" name=\"your-email\" \/><\/span> <\/label>\n<\/p>\n<p><label> lub telefon<br \/>\n<span class=\"wpcf7-form-control-wrap\" data-name=\"tel-654\"><input size=\"40\" maxlength=\"400\" class=\"wpcf7-form-control wpcf7-tel wpcf7-text wpcf7-validates-as-tel\" aria-invalid=\"false\" value=\"\" type=\"tel\" name=\"tel-654\" \/><\/span><\/label>\n<\/p>\n<p><label> Twoja wiadomo\u015bci (opcjonalne)<br \/>\n<span class=\"wpcf7-form-control-wrap\" data-name=\"your-message\"><textarea cols=\"40\" rows=\"10\" maxlength=\"2000\" class=\"wpcf7-form-control wpcf7-textarea\" aria-invalid=\"false\" name=\"your-message\"><\/textarea><\/span> <\/label>\n<\/p>\n<p><input class=\"wpcf7-form-control wpcf7-submit has-spinner\" type=\"submit\" value=\"Wy\u015blij\" \/>\n<\/p><div class=\"wpcf7-response-output\" aria-hidden=\"true\"><\/div>\n<\/form>\n<\/div>\n\t\t\t\t\t\t<\/div>\n\t\t\t\t<\/div>\n\t\t\t\t\t<\/div>\n\t\t<\/div>\n\t\t\t\t\t<\/div>\n\t\t<\/section>\n\t\t\t\t<section class=\"elementor-section elementor-top-section elementor-element elementor-element-b58eee1 elementor-section-boxed elementor-section-height-default elementor-section-height-default\" data-id=\"b58eee1\" data-element_type=\"section\">\n\t\t\t\t\t\t\t<div class=\"elementor-background-overlay\"><\/div>\n\t\t\t\t\t\t\t<div class=\"elementor-container elementor-column-gap-default\">\n\t\t\t\t\t<div class=\"elementor-column elementor-col-100 elementor-top-column elementor-element elementor-element-4d850b8\" data-id=\"4d850b8\" data-element_type=\"column\">\n\t\t\t<div class=\"elementor-widget-wrap elementor-element-populated\">\n\t\t\t\t\t\t<div class=\"elementor-element elementor-element-11d8229 elementor-widget elementor-widget-heading\" data-id=\"11d8229\" data-element_type=\"widget\" data-widget_type=\"heading.default\">\n\t\t\t\t<div class=\"elementor-widget-container\">\n\t\t\t<h2 class=\"elementor-heading-title elementor-size-default\">\u015awiat si\u0119 zmienia i wymaga zmiany od ludzi.<\/h2>\t\t<\/div>\n\t\t\t\t<\/div>\n\t\t\t\t<div class=\"elementor-element elementor-element-0cf512b elementor-widget elementor-widget-text-editor\" data-id=\"0cf512b\" data-element_type=\"widget\" data-widget_type=\"text-editor.default\">\n\t\t\t\t<div class=\"elementor-widget-container\">\n\t\t\t\t\t\t\t<h2><b>Mo\u017cemy rze\u017abi\u0107 go wed\u0142ug naszych zasad &#8211; wbrew obiegowej opinii.<\/b><\/h2>\t\t\t\t\t\t<\/div>\n\t\t\t\t<\/div>\n\t\t\t\t<div class=\"elementor-element elementor-element-ed07d40 elementor-widget elementor-widget-text-editor\" data-id=\"ed07d40\" data-element_type=\"widget\" data-widget_type=\"text-editor.default\">\n\t\t\t\t<div class=\"elementor-widget-container\">\n\t\t\t\t\t\t\t<h3><b>We\u017a udzia\u0142 w projekcie, kt\u00f3ry jest szans\u0105 na przetrwanie!<\/b><\/h3>\t\t\t\t\t\t<\/div>\n\t\t\t\t<\/div>\n\t\t\t\t<div class=\"elementor-element elementor-element-4e31f34 elementor-widget elementor-widget-text-editor\" data-id=\"4e31f34\" data-element_type=\"widget\" data-widget_type=\"text-editor.default\">\n\t\t\t\t<div class=\"elementor-widget-container\">\n\t\t\t\t\t\t\t<h3><b>My\u015blimy podobnie chod\u017a nie tak samo! W tym tkwi si\u0142a spo\u0142eczno\u015bci.<\/b><\/h3>\t\t\t\t\t\t<\/div>\n\t\t\t\t<\/div>\n\t\t\t\t<div class=\"elementor-element elementor-element-b6360c6 elementor-widget elementor-widget-text-editor\" data-id=\"b6360c6\" data-element_type=\"widget\" data-widget_type=\"text-editor.default\">\n\t\t\t\t<div class=\"elementor-widget-container\">\n\t\t\t\t\t\t\t<h1><b>Czas podj\u0105\u0107 dzia\u0142ania!<\/b><\/h1>\t\t\t\t\t\t<\/div>\n\t\t\t\t<\/div>\n\t\t\t\t\t<\/div>\n\t\t<\/div>\n\t\t\t\t\t<\/div>\n\t\t<\/section>\n\t\t\t\t<\/div>\n\t\t","protected":false},"excerpt":{"rendered":"<p>Zapisy odbywaj\u0105 si\u0119 stacjonarnie. Do projektu mo\u017cna do\u0142\u0105czy\u0107 tylko osobi\u015bcie w Rzeszowie. Na spotkaniu otrzymasz login i has\u0142o do portalu i jego tre\u015bci. Adres spotkania zostanie ustalony gdy zbierze si\u0119 grupa. Grupa to max 10-20 os\u00f3b.\u00a0 Zostaw kontakt do siebie &#8211; Alias, email. Gdy zbierze si\u0119 grupa &#8211; skontaktujemy si\u0119. Je\u015bli chcesz zadaj pytania w [&hellip;]<\/p>\n","protected":false},"author":1,"featured_media":9999992260,"parent":0,"menu_order":0,"comment_status":"closed","ping_status":"closed","template":"elementor_header_footer","meta":{"_bbp_topic_count":0,"_bbp_reply_count":0,"_bbp_total_topic_count":0,"_bbp_total_reply_count":0,"_bbp_voice_count":0,"_bbp_anonymous_reply_count":0,"_bbp_topic_count_hidden":0,"_bbp_reply_count_hidden":0,"_bbp_forum_subforum_count":0,"footnotes":""},"class_list":["post-9999992304","page","type-page","status-publish","has-post-thumbnail"],"_links":{"self":[{"href":"https:\/\/www.prepers.pl\/index.php\/wp-json\/wp\/v2\/pages\/9999992304"}],"collection":[{"href":"https:\/\/www.prepers.pl\/index.php\/wp-json\/wp\/v2\/pages"}],"about":[{"href":"https:\/\/www.prepers.pl\/index.php\/wp-json\/wp\/v2\/types\/page"}],"author":[{"embeddable":true,"href":"https:\/\/www.prepers.pl\/index.php\/wp-json\/wp\/v2\/users\/1"}],"replies":[{"embeddable":true,"href":"https:\/\/www.prepers.pl\/index.php\/wp-json\/wp\/v2\/comments?post=9999992304"}],"version-history":[{"count":39,"href":"https:\/\/www.prepers.pl\/index.php\/wp-json\/wp\/v2\/pages\/9999992304\/revisions"}],"predecessor-version":[{"id":9999992565,"href":"https:\/\/www.prepers.pl\/index.php\/wp-json\/wp\/v2\/pages\/9999992304\/revisions\/9999992565"}],"wp:featuredmedia":[{"embeddable":true,"href":"https:\/\/www.prepers.pl\/index.php\/wp-json\/wp\/v2\/media\/9999992260"}],"wp:attachment":[{"href":"https:\/\/www.prepers.pl\/index.php\/wp-json\/wp\/v2\/media?parent=9999992304"}],"curies":[{"name":"wp","href":"https:\/\/api.w.org\/{rel}","templated":true}]}}